{"id":541,"date":"2025-10-29T12:55:07","date_gmt":"2025-10-29T15:55:07","guid":{"rendered":"https:\/\/kubocontainer.com.br\/?page_id=541"},"modified":"2025-10-29T13:11:20","modified_gmt":"2025-10-29T16:11:20","slug":"conteineres-maritimos-a-venda","status":"publish","type":"page","link":"https:\/\/kubocontainer.com.br\/en\/conteineres-maritimos-a-venda\/","title":{"rendered":"Maritime Containers for Sale"},"content":{"rendered":"<div data-elementor-type=\"wp-page\" data-elementor-id=\"541\" class=\"elementor elementor-541\" data-elementor-post-type=\"page\">\n\t\t\t\t<div class=\"elementor-element elementor-element-148a7387 e-con-full e-flex e-con e-parent\" data-id=\"148a7387\" data-element_type=\"container\" data-e-type=\"container\" data-settings=\"{&quot;background_background&quot;:&quot;classic&quot;,&quot;animation&quot;:&quot;none&quot;,&quot;ekit_has_onepagescroll_dot&quot;:&quot;yes&quot;}\">\n\t\t<div class=\"elementor-element elementor-element-b322d89 e-flex e-con-boxed e-con e-child\" data-id=\"b322d89\" data-element_type=\"container\" data-e-type=\"container\" data-settings=\"{&quot;ekit_has_onepagescroll_dot&quot;:&quot;yes&quot;}\">\n\t\t\t\t\t<div class=\"e-con-inner\">\n\t\t\t\t<div class=\"elementor-element elementor-element-512b6427 elementor-icon-list--layout-inline animated-slow elementor-align-center elementor-list-item-link-full_width elementor-invisible elementor-widget elementor-widget-icon-list\" data-id=\"512b6427\" data-element_type=\"widget\" data-e-type=\"widget\" data-settings=\"{&quot;_animation&quot;:&quot;fadeInUp&quot;,&quot;ekit_we_effect_on&quot;:&quot;none&quot;}\" data-widget_type=\"icon-list.default\">\n\t\t\t\t\t\t\t<ul class=\"elementor-icon-list-items elementor-inline-items\">\n\t\t\t\t\t\t\t<li class=\"elementor-icon-list-item elementor-inline-item\">\n\t\t\t\t\t\t\t\t\t\t<span class=\"elementor-icon-list-text\">Home<\/span>\n\t\t\t\t\t\t\t\t\t<\/li>\n\t\t\t\t\t\t\t\t<li class=\"elementor-icon-list-item elementor-inline-item\">\n\t\t\t\t\t\t\t\t\t\t\t<span class=\"elementor-icon-list-icon\">\n\t\t\t\t\t\t\t<i aria-hidden=\"true\" class=\"icon icon-right-arrow1\"><\/i>\t\t\t\t\t\t<\/span>\n\t\t\t\t\t\t\t\t\t\t<span class=\"elementor-icon-list-text\"><\/span>\n\t\t\t\t\t\t\t\t\t<\/li>\n\t\t\t\t\t\t<\/ul>\n\t\t\t\t\t\t<\/div>\n\t\t\t\t\t<\/div>\n\t\t\t\t<\/div>\n\t\t\t\t<\/div>\n\t\t<div class=\"elementor-element elementor-element-2a428b99 e-flex e-con-boxed e-con e-parent\" data-id=\"2a428b99\" data-element_type=\"container\" data-e-type=\"container\" data-settings=\"{&quot;ekit_has_onepagescroll_dot&quot;:&quot;yes&quot;}\">\n\t\t\t\t\t<div class=\"e-con-inner\">\n\t\t<div class=\"elementor-element elementor-element-74fcb570 e-con-full e-flex e-con e-child\" data-id=\"74fcb570\" data-element_type=\"container\" data-e-type=\"container\" data-settings=\"{&quot;ekit_has_onepagescroll_dot&quot;:&quot;yes&quot;}\">\n\t\t<div class=\"elementor-element elementor-element-75645a9f e-con-full animated-slow e-flex elementor-invisible e-con e-child\" data-id=\"75645a9f\" data-element_type=\"container\" data-e-type=\"container\" data-settings=\"{&quot;animation&quot;:&quot;fadeInUp&quot;,&quot;ekit_has_onepagescroll_dot&quot;:&quot;yes&quot;}\">\n\t\t\t\t<div class=\"elementor-element elementor-element-7ba04bf0 elementor-widget elementor-widget-heading\" data-id=\"7ba04bf0\" data-element_type=\"widget\" data-e-type=\"widget\" data-settings=\"{&quot;ekit_we_effect_on&quot;:&quot;none&quot;}\" data-widget_type=\"heading.default\">\n\t\t\t\t\t<h2 class=\"elementor-heading-title elementor-size-default\">Venda<\/h2>\t\t\t\t<\/div>\n\t\t\t\t<div class=\"elementor-element elementor-element-650a193c elementor-widget elementor-widget-heading\" data-id=\"650a193c\" data-element_type=\"widget\" data-e-type=\"widget\" data-settings=\"{&quot;ekit_we_effect_on&quot;:&quot;none&quot;}\" data-widget_type=\"heading.default\">\n\t\t\t\t\t<h2 class=\"elementor-heading-title elementor-size-default\">Unidades novas e seminovas em excelente estado<\/h2>\t\t\t\t<\/div>\n\t\t\t\t<div class=\"elementor-element elementor-element-36a335bc elementor-widget elementor-widget-text-editor\" data-id=\"36a335bc\" data-element_type=\"widget\" data-e-type=\"widget\" data-settings=\"{&quot;ekit_we_effect_on&quot;:&quot;none&quot;}\" data-widget_type=\"text-editor.default\">\n\t\t\t\t\t\t\t\t\t<p>Prontas para transporte, armazenamento ou projetos modulares.<\/p>\t\t\t\t\t\t\t\t<\/div>\n\t\t\t\t<\/div>\n\t\t\t\t<\/div>\n\t\t\t\t\t<\/div>\n\t\t\t\t<\/div>\n\t\t\t\t<\/div>","protected":false},"excerpt":{"rendered":"<p>Inicial Venda Unidades novas e seminovas em excelente estado Prontas para transporte, armazenamento ou projetos modulares.<\/p>","protected":false},"author":1,"featured_media":0,"parent":0,"menu_order":0,"comment_status":"closed","ping_status":"closed","template":"","meta":{"footnotes":""},"class_list":["post-541","page","type-page","status-publish","hentry"],"yoast_head":"<!-- This site is optimized with the Yoast SEO plugin v27.4 - https:\/\/yoast.com\/product\/yoast-seo-wordpress\/ -->\n<title>Cont\u00eaineres Mar\u00edtimos \u00e0 Venda - Kubo Container<\/title>\n<meta name=\"robots\" content=\"index, follow, max-snippet:-1, max-image-preview:large, max-video-preview:-1\" \/>\n<link rel=\"canonical\" href=\"https:\/\/kubocontainer.com.br\/en\/conteineres-maritimos-a-venda\/\" \/>\n<meta property=\"og:locale\" content=\"en_US\" \/>\n<meta property=\"og:type\" content=\"article\" \/>\n<meta property=\"og:title\" content=\"Cont\u00eaineres Mar\u00edtimos \u00e0 Venda - Kubo Container\" \/>\n<meta property=\"og:description\" content=\"Inicial Venda Unidades novas e seminovas em excelente estado Prontas para transporte, armazenamento ou projetos modulares.\" \/>\n<meta property=\"og:url\" content=\"https:\/\/kubocontainer.com.br\/en\/conteineres-maritimos-a-venda\/\" \/>\n<meta property=\"og:site_name\" content=\"Kubo Container\" \/>\n<meta property=\"article:modified_time\" content=\"2025-10-29T16:11:20+00:00\" \/>\n<meta name=\"twitter:card\" content=\"summary_large_image\" \/>\n<meta name=\"twitter:label1\" content=\"Est. reading time\" \/>\n\t<meta name=\"twitter:data1\" content=\"1 minute\" \/>\n<script type=\"application\/ld+json\" class=\"yoast-schema-graph\">{\"@context\":\"https:\\\/\\\/schema.org\",\"@graph\":[{\"@type\":\"WebPage\",\"@id\":\"https:\\\/\\\/kubocontainer.com.br\\\/conteineres-maritimos-a-venda\\\/\",\"url\":\"https:\\\/\\\/kubocontainer.com.br\\\/conteineres-maritimos-a-venda\\\/\",\"name\":\"Cont\u00eaineres Mar\u00edtimos \u00e0 Venda - Kubo Container\",\"isPartOf\":{\"@id\":\"https:\\\/\\\/kubocontainer.com.br\\\/#website\"},\"datePublished\":\"2025-10-29T15:55:07+00:00\",\"dateModified\":\"2025-10-29T16:11:20+00:00\",\"breadcrumb\":{\"@id\":\"https:\\\/\\\/kubocontainer.com.br\\\/conteineres-maritimos-a-venda\\\/#breadcrumb\"},\"inLanguage\":\"en-US\",\"potentialAction\":[{\"@type\":\"ReadAction\",\"target\":[\"https:\\\/\\\/kubocontainer.com.br\\\/conteineres-maritimos-a-venda\\\/\"]}]},{\"@type\":\"BreadcrumbList\",\"@id\":\"https:\\\/\\\/kubocontainer.com.br\\\/conteineres-maritimos-a-venda\\\/#breadcrumb\",\"itemListElement\":[{\"@type\":\"ListItem\",\"position\":1,\"name\":\"In\u00edcio\",\"item\":\"https:\\\/\\\/kubocontainer.com.br\\\/\"},{\"@type\":\"ListItem\",\"position\":2,\"name\":\"Cont\u00eaineres Mar\u00edtimos \u00e0 Venda\"}]},{\"@type\":\"WebSite\",\"@id\":\"https:\\\/\\\/kubocontainer.com.br\\\/#website\",\"url\":\"https:\\\/\\\/kubocontainer.com.br\\\/\",\"name\":\"Kubo Container\",\"description\":\"Venda, loca\u00e7\u00e3o e modifica\u00e7\u00e3o de cont\u00eaineres mar\u00edtimos\",\"publisher\":{\"@id\":\"https:\\\/\\\/kubocontainer.com.br\\\/#organization\"},\"potentialAction\":[{\"@type\":\"SearchAction\",\"target\":{\"@type\":\"EntryPoint\",\"urlTemplate\":\"https:\\\/\\\/kubocontainer.com.br\\\/?s={search_term_string}\"},\"query-input\":{\"@type\":\"PropertyValueSpecification\",\"valueRequired\":true,\"valueName\":\"search_term_string\"}}],\"inLanguage\":\"en-US\"},{\"@type\":\"Organization\",\"@id\":\"https:\\\/\\\/kubocontainer.com.br\\\/#organization\",\"name\":\"Kubo Container\",\"url\":\"https:\\\/\\\/kubocontainer.com.br\\\/\",\"logo\":{\"@type\":\"ImageObject\",\"inLanguage\":\"en-US\",\"@id\":\"https:\\\/\\\/kubocontainer.com.br\\\/#\\\/schema\\\/logo\\\/image\\\/\",\"url\":\"https:\\\/\\\/kubocontainer.com.br\\\/wp-content\\\/uploads\\\/2025\\\/10\\\/LogoKuboContainerVertical.svg\",\"contentUrl\":\"https:\\\/\\\/kubocontainer.com.br\\\/wp-content\\\/uploads\\\/2025\\\/10\\\/LogoKuboContainerVertical.svg\",\"width\":512,\"height\":512,\"caption\":\"Kubo Container\"},\"image\":{\"@id\":\"https:\\\/\\\/kubocontainer.com.br\\\/#\\\/schema\\\/logo\\\/image\\\/\"}}]}<\/script>\n<!-- \/ Yoast SEO plugin. -->","yoast_head_json":{"title":"Cont\u00eaineres Mar\u00edtimos \u00e0 Venda - Kubo Container","robots":{"index":"index","follow":"follow","max-snippet":"max-snippet:-1","max-image-preview":"max-image-preview:large","max-video-preview":"max-video-preview:-1"},"canonical":"https:\/\/kubocontainer.com.br\/en\/conteineres-maritimos-a-venda\/","og_locale":"en_US","og_type":"article","og_title":"Cont\u00eaineres Mar\u00edtimos \u00e0 Venda - Kubo Container","og_description":"Inicial Venda Unidades novas e seminovas em excelente estado Prontas para transporte, armazenamento ou projetos modulares.","og_url":"https:\/\/kubocontainer.com.br\/en\/conteineres-maritimos-a-venda\/","og_site_name":"Kubo Container","article_modified_time":"2025-10-29T16:11:20+00:00","twitter_card":"summary_large_image","twitter_misc":{"Est. reading time":"1 minute"},"schema":{"@context":"https:\/\/schema.org","@graph":[{"@type":"WebPage","@id":"https:\/\/kubocontainer.com.br\/conteineres-maritimos-a-venda\/","url":"https:\/\/kubocontainer.com.br\/conteineres-maritimos-a-venda\/","name":"Cont\u00eaineres Mar\u00edtimos \u00e0 Venda - Kubo Container","isPartOf":{"@id":"https:\/\/kubocontainer.com.br\/#website"},"datePublished":"2025-10-29T15:55:07+00:00","dateModified":"2025-10-29T16:11:20+00:00","breadcrumb":{"@id":"https:\/\/kubocontainer.com.br\/conteineres-maritimos-a-venda\/#breadcrumb"},"inLanguage":"en-US","potentialAction":[{"@type":"ReadAction","target":["https:\/\/kubocontainer.com.br\/conteineres-maritimos-a-venda\/"]}]},{"@type":"BreadcrumbList","@id":"https:\/\/kubocontainer.com.br\/conteineres-maritimos-a-venda\/#breadcrumb","itemListElement":[{"@type":"ListItem","position":1,"name":"In\u00edcio","item":"https:\/\/kubocontainer.com.br\/"},{"@type":"ListItem","position":2,"name":"Cont\u00eaineres Mar\u00edtimos \u00e0 Venda"}]},{"@type":"WebSite","@id":"https:\/\/kubocontainer.com.br\/#website","url":"https:\/\/kubocontainer.com.br\/","name":"Kubo Container","description":"Venda, loca\u00e7\u00e3o e modifica\u00e7\u00e3o de cont\u00eaineres mar\u00edtimos","publisher":{"@id":"https:\/\/kubocontainer.com.br\/#organization"},"potentialAction":[{"@type":"SearchAction","target":{"@type":"EntryPoint","urlTemplate":"https:\/\/kubocontainer.com.br\/?s={search_term_string}"},"query-input":{"@type":"PropertyValueSpecification","valueRequired":true,"valueName":"search_term_string"}}],"inLanguage":"en-US"},{"@type":"Organization","@id":"https:\/\/kubocontainer.com.br\/#organization","name":"Kubo Container","url":"https:\/\/kubocontainer.com.br\/","logo":{"@type":"ImageObject","inLanguage":"en-US","@id":"https:\/\/kubocontainer.com.br\/#\/schema\/logo\/image\/","url":"https:\/\/kubocontainer.com.br\/wp-content\/uploads\/2025\/10\/LogoKuboContainerVertical.svg","contentUrl":"https:\/\/kubocontainer.com.br\/wp-content\/uploads\/2025\/10\/LogoKuboContainerVertical.svg","width":512,"height":512,"caption":"Kubo Container"},"image":{"@id":"https:\/\/kubocontainer.com.br\/#\/schema\/logo\/image\/"}}]}},"_links":{"self":[{"href":"https:\/\/kubocontainer.com.br\/en\/wp-json\/wp\/v2\/pages\/541","targetHints":{"allow":["GET"]}}],"collection":[{"href":"https:\/\/kubocontainer.com.br\/en\/wp-json\/wp\/v2\/pages"}],"about":[{"href":"https:\/\/kubocontainer.com.br\/en\/wp-json\/wp\/v2\/types\/page"}],"author":[{"embeddable":true,"href":"https:\/\/kubocontainer.com.br\/en\/wp-json\/wp\/v2\/users\/1"}],"replies":[{"embeddable":true,"href":"https:\/\/kubocontainer.com.br\/en\/wp-json\/wp\/v2\/comments?post=541"}],"version-history":[{"count":10,"href":"https:\/\/kubocontainer.com.br\/en\/wp-json\/wp\/v2\/pages\/541\/revisions"}],"predecessor-version":[{"id":557,"href":"https:\/\/kubocontainer.com.br\/en\/wp-json\/wp\/v2\/pages\/541\/revisions\/557"}],"wp:attachment":[{"href":"https:\/\/kubocontainer.com.br\/en\/wp-json\/wp\/v2\/media?parent=541"}],"curies":[{"name":"wp","href":"https:\/\/api.w.org\/{rel}","templated":true}]}}