{"id":3,"date":"2025-10-01T10:26:00","date_gmt":"2025-10-01T10:26:00","guid":{"rendered":"https:\/\/kubocontainer.com.br\/?page_id=3"},"modified":"2025-10-29T11:19:45","modified_gmt":"2025-10-29T14:19:45","slug":"politica-privacidade","status":"publish","type":"page","link":"https:\/\/kubocontainer.com.br\/en\/politica-privacidade\/","title":{"rendered":"Privacy Policy\u00a0"},"content":{"rendered":"<div data-elementor-type=\"wp-page\" data-elementor-id=\"3\" class=\"elementor elementor-3\" data-elementor-post-type=\"page\">\n\t\t\t\t<div class=\"elementor-element elementor-element-4d60ca86 e-con-full e-flex e-con e-parent\" data-id=\"4d60ca86\" data-element_type=\"container\" data-e-type=\"container\" data-settings=\"{&quot;background_background&quot;:&quot;classic&quot;,&quot;animation&quot;:&quot;none&quot;,&quot;ekit_has_onepagescroll_dot&quot;:&quot;yes&quot;}\">\n\t\t<div class=\"elementor-element elementor-element-9ca1487 e-flex e-con-boxed e-con e-child\" data-id=\"9ca1487\" data-element_type=\"container\" data-e-type=\"container\" data-settings=\"{&quot;ekit_has_onepagescroll_dot&quot;:&quot;yes&quot;}\">\n\t\t\t\t\t<div class=\"e-con-inner\">\n\t\t\t\t<div class=\"elementor-element elementor-element-7216bb8e elementor-icon-list--layout-inline animated-slow elementor-list-item-link-full_width elementor-invisible elementor-widget elementor-widget-icon-list\" data-id=\"7216bb8e\" data-element_type=\"widget\" data-e-type=\"widget\" data-settings=\"{&quot;_animation&quot;:&quot;fadeInUp&quot;,&quot;ekit_we_effect_on&quot;:&quot;none&quot;}\" data-widget_type=\"icon-list.default\">\n\t\t\t\t\t\t\t<ul class=\"elementor-icon-list-items elementor-inline-items\">\n\t\t\t\t\t\t\t<li class=\"elementor-icon-list-item elementor-inline-item\">\n\t\t\t\t\t\t\t\t\t\t<span class=\"elementor-icon-list-text\">Home<\/span>\n\t\t\t\t\t\t\t\t\t<\/li>\n\t\t\t\t\t\t\t\t<li class=\"elementor-icon-list-item elementor-inline-item\">\n\t\t\t\t\t\t\t\t\t\t\t<span class=\"elementor-icon-list-icon\">\n\t\t\t\t\t\t\t<i aria-hidden=\"true\" class=\"icon icon-right-arrow1\"><\/i>\t\t\t\t\t\t<\/span>\n\t\t\t\t\t\t\t\t\t\t<span class=\"elementor-icon-list-text\">Privacy Policy<\/span>\n\t\t\t\t\t\t\t\t\t<\/li>\n\t\t\t\t\t\t<\/ul>\n\t\t\t\t\t\t<\/div>\n\t\t\t\t\t<\/div>\n\t\t\t\t<\/div>\n\t\t\t\t<\/div>\n\t\t<div class=\"elementor-element elementor-element-4ae67edf e-flex e-con-boxed e-con e-parent\" data-id=\"4ae67edf\" data-element_type=\"container\" data-e-type=\"container\" data-settings=\"{&quot;background_background&quot;:&quot;classic&quot;,&quot;ekit_has_onepagescroll_dot&quot;:&quot;yes&quot;}\">\n\t\t\t\t\t<div class=\"e-con-inner\">\n\t\t\t\t<div class=\"elementor-element elementor-element-25f54e03 elementor-widget elementor-widget-text-editor\" data-id=\"25f54e03\" data-element_type=\"widget\" data-e-type=\"widget\" data-settings=\"{&quot;ekit_we_effect_on&quot;:&quot;none&quot;}\" data-widget_type=\"text-editor.default\">\n\t\t\t\t\t\t\t\t\t\n<h2 class=\"wp-block-heading\" data-start=\"544\" data-end=\"562\">1. Who we are<\/h2>\n<p data-start=\"563\" data-end=\"832\">The website <strong data-start=\"570\" data-end=\"588\">Kubo Container<\/strong> address is: <a class=\"decorated-link\" href=\"https:\/\/kubocontainer.com.br\/en\/\" target=\"_new\" rel=\"noopener\" data-start=\"608\" data-end=\"668\">https:\/\/kubocontainer.com.br<\/a>.<br data-start=\"669\" data-end=\"672\" \/>Our goal is to provide information on the sale, rental and modification of shipping containers, as well as to facilitate contact with our customers and partners.<\/p>\n<hr data-start=\"834\" data-end=\"837\" \/>\n<h2 data-start=\"839\" data-end=\"858\">2. Comments<\/h2>\n<p data-start=\"859\" data-end=\"1064\">When visitors leave comments on the site, we collect the data shown in the comments form, plus the visitor's <strong data-start=\"974\" data-end=\"989\">IP address<\/strong> and <strong data-start=\"995\" data-end=\"1029\">browser user agent<\/strong> string to help spam detection.<\/p>\n<p data-start=\"1066\" data-end=\"1357\">An anonymized string created from your email address (also called a <em data-start=\"1149\" data-end=\"1155\">hash<\/em>) may be provided to the Gravatar service to see if you are using it.<br data-start=\"1227\" data-end=\"1230\" \/>The Gravatar privacy policy is available at: <a class=\"decorated-link\" href=\"https:\/\/automattic.com\/privacy\/\" target=\"_new\" rel=\"noopener\" data-start=\"1288\" data-end=\"1354\">https:\/\/automattic.com\/privacy\/<\/a>.<\/p>\n<p data-start=\"1359\" data-end=\"1480\">After your comment is approved, your profile picture (if you have one) will be publicly visible next to your comment.<\/p>\n<hr data-start=\"1482\" data-end=\"1485\" \/>\n<h2 data-start=\"1487\" data-end=\"1500\">3. Media<\/h2>\n<p data-start=\"1501\" data-end=\"1696\">If you upload images to the website, you should avoid including embedded location data (EXIF GPS) in them.<br data-start=\"1602\" data-end=\"1605\" \/>Visitors can download and extract location information from images published on the site.<\/p>\n<hr data-start=\"1698\" data-end=\"1701\" \/>\n<h2 data-start=\"1703\" data-end=\"1718\">4. Cookies<\/h2>\n<p data-start=\"1719\" data-end=\"1971\">If you leave a comment, you may opt-in to saving your name, email address, and website in <strong data-start=\"1800\" data-end=\"1811\">cookies<\/strong>.<br data-start=\"1812\" data-end=\"1815\" \/>This is for your convenience so that you do not have to re-enter your details when commenting in the future. These cookies remain active for <strong data-start=\"1960\" data-end=\"1970\">one year<\/strong>.<\/p>\n<p data-start=\"1973\" data-end=\"2152\">When you visit the login page, <strong data-start=\"2018\" data-end=\"2039\">temporary cookie<\/strong> will be created to check if your browser accepts cookies. This cookie contains no personal data and is deleted when you close your browser.<\/p>\n<p data-start=\"2154\" data-end=\"2261\">When you log in, we create cookies to save your login information and display preferences.<\/p>\n<ul data-start=\"2262\" data-end=\"2484\">\n<li data-start=\"2262\" data-end=\"2303\">\n<p data-start=\"2264\" data-end=\"2303\">Login cookies last for <strong data-start=\"2287\" data-end=\"2300\">two days<\/strong>;<\/p>\n<\/li>\n<li data-start=\"2304\" data-end=\"2357\">\n<p data-start=\"2306\" data-end=\"2357\">Display preference cookies last for <strong data-start=\"2344\" data-end=\"2354\">one year<\/strong>;<\/p>\n<\/li>\n<li data-start=\"2358\" data-end=\"2429\">\n<p data-start=\"2360\" data-end=\"2429\">If you select \"Remember me,\" your login will remain for <strong data-start=\"2410\" data-end=\"2426\">two weeks<\/strong>;<\/p>\n<\/li>\n<li data-start=\"2430\" data-end=\"2484\">\n<p data-start=\"2432\" data-end=\"2484\">When you log out, login cookies are removed.<\/p>\n<\/li>\n<\/ul>\n<p data-start=\"2486\" data-end=\"2636\">When you edit or publish an article, an additional cookie will be saved in your browser. It contains only the <strong data-start=\"2588\" data-end=\"2602\">ID of the edited post<\/strong> and expires after <strong data-start=\"2625\" data-end=\"2635\">one day<\/strong>.<\/p>\n<hr data-start=\"2638\" data-end=\"2641\" \/>\n<h2 data-start=\"2643\" data-end=\"2687\">5. Embedded content from other websites<\/h2>\n<p data-start=\"2688\" data-end=\"2924\">Posts on this site may contain embedded content (e.g., videos, images, or articles).<br data-start=\"2790\" data-end=\"2793\" \/>Embedded content from other websites behaves in the exact same way as if the visitor has visited the other website directly.<\/p>\n<p data-start=\"2926\" data-end=\"3150\">These websites may collect data about you, use cookies, embed additional third-party tracking, and monitor your interaction with that embedded content, including if you have an account and are logged in to those websites.<\/p>\n<hr data-start=\"3152\" data-end=\"3155\" \/>\n<h2 data-start=\"3157\" data-end=\"3199\">6. Who we share your data with<\/h2>\n<p data-start=\"3200\" data-end=\"3297\">If you request a password reset, your IP address will be included in the reset email.<\/p>\n<p data-start=\"3299\" data-end=\"3524\">Additionally, your data may be processed by <strong data-start=\"3348\" data-end=\"3392\">automatic spam detection services<\/strong> and <strong data-start=\"3399\" data-end=\"3425\">analytical tools<\/strong> (such as Google Analytics) to improve user experience and website security.<\/p>\n<hr data-start=\"3526\" data-end=\"3529\" \/>\n<h2 data-start=\"3531\" data-end=\"3575\">7. How long do we keep your data?<\/h2>\n<p data-start=\"3576\" data-end=\"3800\">If you leave a comment, it and its metadata are stored <strong data-start=\"3643\" data-end=\"3670\">indefinitely<\/strong>.<br data-start=\"3671\" data-end=\"3674\" \/>This allows the system to automatically recognize and approve follow-up comments, without requiring manual moderation.<\/p>\n<p data-start=\"3802\" data-end=\"4103\">Users who register on the site (where applicable) also have their information stored in their <strong data-start=\"3898\" data-end=\"3919\">user profile<\/strong>, allowing them to view, edit, or delete their own data (except their username) at any time.<br data-start=\"4025\" data-end=\"4028\" \/>Site administrators can also view and edit this information.<\/p>\n<hr data-start=\"4105\" data-end=\"4108\" \/>\n<h2 data-start=\"4110\" data-end=\"4158\">8. What are your rights over your data?<\/h2>\n<p data-start=\"4159\" data-end=\"4234\">If you have an account on this site or have left comments, you can request:<\/p>\n<ul data-start=\"4235\" data-end=\"4365\">\n<li data-start=\"4235\" data-end=\"4307\">\n<p data-start=\"4237\" data-end=\"4307\">An <strong data-start=\"4240\" data-end=\"4261\">exported file<\/strong> of the personal data we hold about you;<\/p>\n<\/li>\n<li data-start=\"4308\" data-end=\"4365\">\n<p data-start=\"4310\" data-end=\"4365\">The <strong data-start=\"4312\" data-end=\"4324\">deletion<\/strong> of any stored personal data.<\/p>\n<\/li>\n<\/ul>\n<p data-start=\"4367\" data-end=\"4474\">This does not include data we are obliged to keep for <strong data-start=\"4422\" data-end=\"4473\">administrative, legal, or security reasons.<\/strong>.<\/p>\n<p data-start=\"4476\" data-end=\"4569\">To exercise your rights, please send a request to:<br data-start=\"4531\" data-end=\"4534\" \/>\ud83d\udce7 <strong data-start=\"4537\" data-end=\"4569\"><a class=\"decorated-link cursor-pointer\" rel=\"noopener\" data-start=\"4539\" data-end=\"4567\">contato@kubocontainer.com.br<\/a><\/strong><\/p>\n<hr data-start=\"4571\" data-end=\"4574\" \/>\n<h2 data-start=\"4576\" data-end=\"4617\">9. Where your data is sent<\/h2>\n<p data-start=\"4618\" data-end=\"4891\">Visitor comments may be checked by an <strong data-start=\"4673\" data-end=\"4715\">automatic spam detection service<\/strong>.<br data-start=\"4716\" data-end=\"4719\" \/>We may also use third-party tools (such as Google Analytics or Meta Pixel) that collect anonymous browsing data, in accordance with their own privacy policies.<\/p>\n<hr data-start=\"4893\" data-end=\"4896\" \/>\n<h2 data-start=\"4898\" data-end=\"4932\">10. Information security<\/h2>\n<p data-start=\"4933\" data-end=\"5101\">Kubo Container adopts appropriate technical and organizational measures to protect your personal data against unauthorized access, alteration, disclosure or destruction.<\/p>\n<hr data-start=\"5103\" data-end=\"5106\" \/>\n<h2 data-start=\"5108\" data-end=\"5142\">11. Changes to this policy<\/h2>\n<p data-start=\"5143\" data-end=\"5326\">We may update this Privacy Policy from time to time.<br data-start=\"5205\" data-end=\"5208\" \/>We encourage you to review this page regularly to stay informed about how we protect your information.<\/p>\n<hr data-start=\"5328\" data-end=\"5331\" \/>\n<p data-start=\"5333\" data-end=\"5457\">\ud83d\udccd <strong data-start=\"5336\" data-end=\"5359\">Last update:<\/strong> October 2025<br data-start=\"5375\" data-end=\"5378\" \/>\ud83d\udce7 Contact: <a class=\"decorated-link cursor-pointer\" rel=\"noopener\" data-start=\"5390\" data-end=\"5457\">contato@kubocontainer.com.br<\/a><\/p>\t\t\t\t\t\t\t\t<\/div>\n\t\t\t\t\t<\/div>\n\t\t\t\t<\/div>\n\t\t\t\t<\/div>","protected":false},"excerpt":{"rendered":"<p>Inicial Pol\u00edtica de Privacidade 1. Quem somos O site Kubo Container tem como endere\u00e7o: https:\/\/kubocontainer.com.br.Nosso objetivo \u00e9 oferecer informa\u00e7\u00f5es sobre venda, loca\u00e7\u00e3o e modifica\u00e7\u00e3o de cont\u00eaineres mar\u00edtimos, bem como facilitar o contato com nossos clientes e parceiros. 2. Coment\u00e1rios Quando os visitantes deixam coment\u00e1rios no site, coletamos os dados exibidos no formul\u00e1rio de coment\u00e1rios, al\u00e9m [&hellip;]<\/p>\n","protected":false},"author":1,"featured_media":0,"parent":0,"menu_order":0,"comment_status":"closed","ping_status":"closed","template":"","meta":{"footnotes":""},"class_list":["post-3","page","type-page","status-publish","hentry"],"yoast_head":"<!-- This site is optimized with the Yoast SEO plugin v27.4 - https:\/\/yoast.com\/product\/yoast-seo-wordpress\/ -->\n<title>Pol\u00edtica de Privacidade\u00a0 - Kubo Container<\/title>\n<meta name=\"robots\" content=\"index, follow, max-snippet:-1, max-image-preview:large, max-video-preview:-1\" \/>\n<link rel=\"canonical\" href=\"https:\/\/kubocontainer.com.br\/en\/politica-privacidade\/\" \/>\n<meta property=\"og:locale\" content=\"en_US\" \/>\n<meta property=\"og:type\" content=\"article\" \/>\n<meta property=\"og:title\" content=\"Pol\u00edtica de Privacidade\u00a0 - Kubo Container\" \/>\n<meta property=\"og:description\" content=\"Inicial Pol\u00edtica de Privacidade 1. Quem somos O site Kubo Container tem como endere\u00e7o: https:\/\/kubocontainer.com.br.Nosso objetivo \u00e9 oferecer informa\u00e7\u00f5es sobre venda, loca\u00e7\u00e3o e modifica\u00e7\u00e3o de cont\u00eaineres mar\u00edtimos, bem como facilitar o contato com nossos clientes e parceiros. 2. Coment\u00e1rios Quando os visitantes deixam coment\u00e1rios no site, coletamos os dados exibidos no formul\u00e1rio de coment\u00e1rios, al\u00e9m [&hellip;]\" \/>\n<meta property=\"og:url\" content=\"https:\/\/kubocontainer.com.br\/en\/politica-privacidade\/\" \/>\n<meta property=\"og:site_name\" content=\"Kubo Container\" \/>\n<meta property=\"article:modified_time\" content=\"2025-10-29T14:19:45+00:00\" \/>\n<meta name=\"twitter:card\" content=\"summary_large_image\" \/>\n<meta name=\"twitter:label1\" content=\"Est. reading time\" \/>\n\t<meta name=\"twitter:data1\" content=\"5 minutes\" \/>\n<script type=\"application\/ld+json\" class=\"yoast-schema-graph\">{\"@context\":\"https:\\\/\\\/schema.org\",\"@graph\":[{\"@type\":\"WebPage\",\"@id\":\"https:\\\/\\\/kubocontainer.com.br\\\/politica-privacidade\\\/\",\"url\":\"https:\\\/\\\/kubocontainer.com.br\\\/politica-privacidade\\\/\",\"name\":\"Pol\u00edtica de Privacidade\u00a0 - Kubo Container\",\"isPartOf\":{\"@id\":\"https:\\\/\\\/kubocontainer.com.br\\\/#website\"},\"datePublished\":\"2025-10-01T10:26:00+00:00\",\"dateModified\":\"2025-10-29T14:19:45+00:00\",\"breadcrumb\":{\"@id\":\"https:\\\/\\\/kubocontainer.com.br\\\/politica-privacidade\\\/#breadcrumb\"},\"inLanguage\":\"en-US\",\"potentialAction\":[{\"@type\":\"ReadAction\",\"target\":[\"https:\\\/\\\/kubocontainer.com.br\\\/politica-privacidade\\\/\"]}]},{\"@type\":\"BreadcrumbList\",\"@id\":\"https:\\\/\\\/kubocontainer.com.br\\\/politica-privacidade\\\/#breadcrumb\",\"itemListElement\":[{\"@type\":\"ListItem\",\"position\":1,\"name\":\"In\u00edcio\",\"item\":\"https:\\\/\\\/kubocontainer.com.br\\\/\"},{\"@type\":\"ListItem\",\"position\":2,\"name\":\"Pol\u00edtica de Privacidade\u00a0\"}]},{\"@type\":\"WebSite\",\"@id\":\"https:\\\/\\\/kubocontainer.com.br\\\/#website\",\"url\":\"https:\\\/\\\/kubocontainer.com.br\\\/\",\"name\":\"Kubo Container\",\"description\":\"Venda, loca\u00e7\u00e3o e modifica\u00e7\u00e3o de cont\u00eaineres mar\u00edtimos\",\"publisher\":{\"@id\":\"https:\\\/\\\/kubocontainer.com.br\\\/#organization\"},\"potentialAction\":[{\"@type\":\"SearchAction\",\"target\":{\"@type\":\"EntryPoint\",\"urlTemplate\":\"https:\\\/\\\/kubocontainer.com.br\\\/?s={search_term_string}\"},\"query-input\":{\"@type\":\"PropertyValueSpecification\",\"valueRequired\":true,\"valueName\":\"search_term_string\"}}],\"inLanguage\":\"en-US\"},{\"@type\":\"Organization\",\"@id\":\"https:\\\/\\\/kubocontainer.com.br\\\/#organization\",\"name\":\"Kubo Container\",\"url\":\"https:\\\/\\\/kubocontainer.com.br\\\/\",\"logo\":{\"@type\":\"ImageObject\",\"inLanguage\":\"en-US\",\"@id\":\"https:\\\/\\\/kubocontainer.com.br\\\/#\\\/schema\\\/logo\\\/image\\\/\",\"url\":\"https:\\\/\\\/kubocontainer.com.br\\\/wp-content\\\/uploads\\\/2025\\\/10\\\/LogoKuboContainerVertical.svg\",\"contentUrl\":\"https:\\\/\\\/kubocontainer.com.br\\\/wp-content\\\/uploads\\\/2025\\\/10\\\/LogoKuboContainerVertical.svg\",\"width\":512,\"height\":512,\"caption\":\"Kubo Container\"},\"image\":{\"@id\":\"https:\\\/\\\/kubocontainer.com.br\\\/#\\\/schema\\\/logo\\\/image\\\/\"}}]}<\/script>\n<!-- \/ Yoast SEO plugin. -->","yoast_head_json":{"title":"Pol\u00edtica de Privacidade\u00a0 - Kubo Container","robots":{"index":"index","follow":"follow","max-snippet":"max-snippet:-1","max-image-preview":"max-image-preview:large","max-video-preview":"max-video-preview:-1"},"canonical":"https:\/\/kubocontainer.com.br\/en\/politica-privacidade\/","og_locale":"en_US","og_type":"article","og_title":"Pol\u00edtica de Privacidade\u00a0 - Kubo Container","og_description":"Inicial Pol\u00edtica de Privacidade 1. Quem somos O site Kubo Container tem como endere\u00e7o: https:\/\/kubocontainer.com.br.Nosso objetivo \u00e9 oferecer informa\u00e7\u00f5es sobre venda, loca\u00e7\u00e3o e modifica\u00e7\u00e3o de cont\u00eaineres mar\u00edtimos, bem como facilitar o contato com nossos clientes e parceiros. 2. Coment\u00e1rios Quando os visitantes deixam coment\u00e1rios no site, coletamos os dados exibidos no formul\u00e1rio de coment\u00e1rios, al\u00e9m [&hellip;]","og_url":"https:\/\/kubocontainer.com.br\/en\/politica-privacidade\/","og_site_name":"Kubo Container","article_modified_time":"2025-10-29T14:19:45+00:00","twitter_card":"summary_large_image","twitter_misc":{"Est. reading time":"5 minutes"},"schema":{"@context":"https:\/\/schema.org","@graph":[{"@type":"WebPage","@id":"https:\/\/kubocontainer.com.br\/politica-privacidade\/","url":"https:\/\/kubocontainer.com.br\/politica-privacidade\/","name":"Pol\u00edtica de Privacidade\u00a0 - Kubo Container","isPartOf":{"@id":"https:\/\/kubocontainer.com.br\/#website"},"datePublished":"2025-10-01T10:26:00+00:00","dateModified":"2025-10-29T14:19:45+00:00","breadcrumb":{"@id":"https:\/\/kubocontainer.com.br\/politica-privacidade\/#breadcrumb"},"inLanguage":"en-US","potentialAction":[{"@type":"ReadAction","target":["https:\/\/kubocontainer.com.br\/politica-privacidade\/"]}]},{"@type":"BreadcrumbList","@id":"https:\/\/kubocontainer.com.br\/politica-privacidade\/#breadcrumb","itemListElement":[{"@type":"ListItem","position":1,"name":"In\u00edcio","item":"https:\/\/kubocontainer.com.br\/"},{"@type":"ListItem","position":2,"name":"Pol\u00edtica de Privacidade\u00a0"}]},{"@type":"WebSite","@id":"https:\/\/kubocontainer.com.br\/#website","url":"https:\/\/kubocontainer.com.br\/","name":"Kubo Container","description":"Venda, loca\u00e7\u00e3o e modifica\u00e7\u00e3o de cont\u00eaineres mar\u00edtimos","publisher":{"@id":"https:\/\/kubocontainer.com.br\/#organization"},"potentialAction":[{"@type":"SearchAction","target":{"@type":"EntryPoint","urlTemplate":"https:\/\/kubocontainer.com.br\/?s={search_term_string}"},"query-input":{"@type":"PropertyValueSpecification","valueRequired":true,"valueName":"search_term_string"}}],"inLanguage":"en-US"},{"@type":"Organization","@id":"https:\/\/kubocontainer.com.br\/#organization","name":"Kubo Container","url":"https:\/\/kubocontainer.com.br\/","logo":{"@type":"ImageObject","inLanguage":"en-US","@id":"https:\/\/kubocontainer.com.br\/#\/schema\/logo\/image\/","url":"https:\/\/kubocontainer.com.br\/wp-content\/uploads\/2025\/10\/LogoKuboContainerVertical.svg","contentUrl":"https:\/\/kubocontainer.com.br\/wp-content\/uploads\/2025\/10\/LogoKuboContainerVertical.svg","width":512,"height":512,"caption":"Kubo Container"},"image":{"@id":"https:\/\/kubocontainer.com.br\/#\/schema\/logo\/image\/"}}]}},"_links":{"self":[{"href":"https:\/\/kubocontainer.com.br\/en\/wp-json\/wp\/v2\/pages\/3","targetHints":{"allow":["GET"]}}],"collection":[{"href":"https:\/\/kubocontainer.com.br\/en\/wp-json\/wp\/v2\/pages"}],"about":[{"href":"https:\/\/kubocontainer.com.br\/en\/wp-json\/wp\/v2\/types\/page"}],"author":[{"embeddable":true,"href":"https:\/\/kubocontainer.com.br\/en\/wp-json\/wp\/v2\/users\/1"}],"replies":[{"embeddable":true,"href":"https:\/\/kubocontainer.com.br\/en\/wp-json\/wp\/v2\/comments?post=3"}],"version-history":[{"count":18,"href":"https:\/\/kubocontainer.com.br\/en\/wp-json\/wp\/v2\/pages\/3\/revisions"}],"predecessor-version":[{"id":530,"href":"https:\/\/kubocontainer.com.br\/en\/wp-json\/wp\/v2\/pages\/3\/revisions\/530"}],"wp:attachment":[{"href":"https:\/\/kubocontainer.com.br\/en\/wp-json\/wp\/v2\/media?parent=3"}],"curies":[{"name":"wp","href":"https:\/\/api.w.org\/{rel}","templated":true}]}}